{"id":27,"date":"2025-05-28T14:32:25","date_gmt":"2025-05-28T14:32:25","guid":{"rendered":"https:\/\/naturewriting.ch\/?page_id=27"},"modified":"2025-05-31T11:15:54","modified_gmt":"2025-05-31T11:15:54","slug":"die-menschliche-natur","status":"publish","type":"page","link":"https:\/\/naturewriting.ch\/?page_id=27","title":{"rendered":"Die menschliche Natur"},"content":{"rendered":"\n<h3 class=\"wp-block-heading has-text-align-center\">Anstelle eines Manifests<\/h3>\n\n\n\n<p><\/p>\n\n\n\n<p>Schreiben \u00fcber Natur, das heisst nicht einfach: Landschaften, Tiere, \u00abNaturen\u00bb beschreiben, das heisst sich des Verh\u00e4ltnisses von Mensch und Natur (schreibend) klar zu werden. Und dieses Verh\u00e4ltnis ist, das braucht eingangs des 21. Jahrhunderts nicht besonders betont zu werden, ein kompliziertes: Klimakrise, Tierfabriken, Biodiversit\u00e4t, die Sehnsucht nach der Wildnis, Zivilisationsm\u00fcdigkeit, Biologismen \u00fcberall, Anti-Biologismen ebenso. Nature Writing ist kein Genre, kein Stilmittel, dieses Schreiben kann und soll in vielerlei Formen geschehen, es soll sich die Sache aber nie zu einfach machen: Mit einer Reromantisierung und Verkl\u00e4rung der Natur kommen wir nirgends hin.<\/p>\n\n\n\n<p>In einer pr\u00e4chtigen Naturlandschaft, umgeben von Naturschutzgebieten, in der literarischen Peripherie wollen wir Nature Writing in der Schweiz einen festen Ort geben, ein Netzwerkzentrum, einen Arbeits- und einen Reflektionsraum. Das Bodmanhaus in Gottlieben ist buchst\u00e4blich perfekt &#8218;positioniert&#8216; f\u00fcr die Gastgeberrolle, das Idyll im Herzen des Dorfkerns und unweit des Untersee-Ufers muss h\u00f6chstens noch ein wenig gebrochen werden, aber daf\u00fcr werden zeitgen\u00f6ssische Zug\u00e4nge schon sorgen. Ziel ist, dass sich Literaturschaffende als G\u00e4ste ebenso wohl und willkommen f\u00fchlen wie Fachpersonen aus diversen Disziplinen, mit je eigenen Verh\u00e4ltnissen zur Natur. Austauschen und Forschen wird wesentlicher Bestandteil des Programms sein, ebenso wie Erwandern und Erschreiben.<\/p>\n\n\n\n<p>Klar ist: Nature Writing hat Dringlichkeit. Wir brauchen ein neues, nicht-ausbeuterisches Verh\u00e4ltnis zur Natur, und zwar ohne in regressive Muster zu verfallen. Wir brauchen die Natur und sie braucht \u2013 wom\u00f6glich \u2013 auch uns. Den Menschen einfach aus der Natur wegzudenken mag interessant sein als umweltpolitisches Gedankenspiel, ist aber auch entlarvend in seiner postapokalyptischen Ausweglosigkeit. Wie k\u00f6nnte eine zeitgem\u00e4sse, soll man sagen postmoderne Natur aussehen? Und das meint eben auf jeden Fall eine menschgemachte Natur: Natur als \u00f6kologisch geformte, stark vom Menschen gepr\u00e4gte Umwelt. Oder auch: Natur als Vorstellung, als Projektion, als Kulturleistung, letztlich. Das alles zu erkunden kann Aufgabe von Nature Writing sein. Und diese Erkundung wollen wir im und ums Bodmanhaus erm\u00f6glichen.<\/p>\n","protected":false},"excerpt":{"rendered":"<p>Anstelle eines Manifests Schreiben \u00fcber Natur, das heisst nicht einfach: Landschaften, Tiere, \u00abNaturen\u00bb beschreiben, das heisst sich des Verh\u00e4ltnisses von Mensch und Natur (schreibend) klar zu werden. Und dieses Verh\u00e4ltnis ist, das braucht eingangs des 21. Jahrhunderts nicht besonders betont zu werden, ein kompliziertes: Klimakrise, Tierfabriken, Biodiversit\u00e4t, die Sehnsucht nach der Wildnis, Zivilisationsm\u00fcdigkeit, Biologismen \u00fcberall, [&hellip;]<\/p>\n","protected":false},"author":1,"featured_media":0,"parent":0,"menu_order":0,"comment_status":"closed","ping_status":"closed","template":"","meta":{"footnotes":""},"class_list":["post-27","page","type-page","status-publish","hentry"],"yoast_head":"<!-- This site is optimized with the Yoast SEO plugin v25.2 - https:\/\/yoast.com\/wordpress\/plugins\/seo\/ -->\n<title>Die menschliche Natur - Nature Writing<\/title>\n<meta name=\"robots\" content=\"index, follow, max-snippet:-1, max-image-preview:large, max-video-preview:-1\" \/>\n<link rel=\"canonical\" href=\"https:\/\/naturewriting.ch\/?page_id=27\" \/>\n<meta property=\"og:locale\" content=\"de_DE\" \/>\n<meta property=\"og:type\" content=\"article\" \/>\n<meta property=\"og:title\" content=\"Die menschliche Natur - Nature Writing\" \/>\n<meta property=\"og:description\" content=\"Anstelle eines Manifests Schreiben \u00fcber Natur, das heisst nicht einfach: Landschaften, Tiere, \u00abNaturen\u00bb beschreiben, das heisst sich des Verh\u00e4ltnisses von Mensch und Natur (schreibend) klar zu werden. Und dieses Verh\u00e4ltnis ist, das braucht eingangs des 21. Jahrhunderts nicht besonders betont zu werden, ein kompliziertes: Klimakrise, Tierfabriken, Biodiversit\u00e4t, die Sehnsucht nach der Wildnis, Zivilisationsm\u00fcdigkeit, Biologismen \u00fcberall, [&hellip;]\" \/>\n<meta property=\"og:url\" content=\"https:\/\/naturewriting.ch\/?page_id=27\" \/>\n<meta property=\"og:site_name\" content=\"Nature Writing\" \/>\n<meta property=\"article:modified_time\" content=\"2025-05-31T11:15:54+00:00\" \/>\n<meta name=\"twitter:card\" content=\"summary_large_image\" \/>\n<meta name=\"twitter:label1\" content=\"Gesch\u00e4tzte Lesezeit\" \/>\n\t<meta name=\"twitter:data1\" content=\"2\u00a0Minuten\" \/>\n<script type=\"application\/ld+json\" class=\"yoast-schema-graph\">{\"@context\":\"https:\/\/schema.org\",\"@graph\":[{\"@type\":\"WebPage\",\"@id\":\"https:\/\/naturewriting.ch\/?page_id=27\",\"url\":\"https:\/\/naturewriting.ch\/?page_id=27\",\"name\":\"Die menschliche Natur - Nature Writing\",\"isPartOf\":{\"@id\":\"https:\/\/naturewriting.ch\/#website\"},\"datePublished\":\"2025-05-28T14:32:25+00:00\",\"dateModified\":\"2025-05-31T11:15:54+00:00\",\"breadcrumb\":{\"@id\":\"https:\/\/naturewriting.ch\/?page_id=27#breadcrumb\"},\"inLanguage\":\"de\",\"potentialAction\":[{\"@type\":\"ReadAction\",\"target\":[\"https:\/\/naturewriting.ch\/?page_id=27\"]}]},{\"@type\":\"BreadcrumbList\",\"@id\":\"https:\/\/naturewriting.ch\/?page_id=27#breadcrumb\",\"itemListElement\":[{\"@type\":\"ListItem\",\"position\":1,\"name\":\"Startseite\",\"item\":\"https:\/\/naturewriting.ch\/\"},{\"@type\":\"ListItem\",\"position\":2,\"name\":\"Die menschliche Natur\"}]},{\"@type\":\"WebSite\",\"@id\":\"https:\/\/naturewriting.ch\/#website\",\"url\":\"https:\/\/naturewriting.ch\/\",\"name\":\"Nature Writing\",\"description\":\"\",\"potentialAction\":[{\"@type\":\"SearchAction\",\"target\":{\"@type\":\"EntryPoint\",\"urlTemplate\":\"https:\/\/naturewriting.ch\/?s={search_term_string}\"},\"query-input\":{\"@type\":\"PropertyValueSpecification\",\"valueRequired\":true,\"valueName\":\"search_term_string\"}}],\"inLanguage\":\"de\"}]}<\/script>\n<!-- \/ Yoast SEO plugin. -->","yoast_head_json":{"title":"Die menschliche Natur - Nature Writing","robots":{"index":"index","follow":"follow","max-snippet":"max-snippet:-1","max-image-preview":"max-image-preview:large","max-video-preview":"max-video-preview:-1"},"canonical":"https:\/\/naturewriting.ch\/?page_id=27","og_locale":"de_DE","og_type":"article","og_title":"Die menschliche Natur - Nature Writing","og_description":"Anstelle eines Manifests Schreiben \u00fcber Natur, das heisst nicht einfach: Landschaften, Tiere, \u00abNaturen\u00bb beschreiben, das heisst sich des Verh\u00e4ltnisses von Mensch und Natur (schreibend) klar zu werden. Und dieses Verh\u00e4ltnis ist, das braucht eingangs des 21. Jahrhunderts nicht besonders betont zu werden, ein kompliziertes: Klimakrise, Tierfabriken, Biodiversit\u00e4t, die Sehnsucht nach der Wildnis, Zivilisationsm\u00fcdigkeit, Biologismen \u00fcberall, [&hellip;]","og_url":"https:\/\/naturewriting.ch\/?page_id=27","og_site_name":"Nature Writing","article_modified_time":"2025-05-31T11:15:54+00:00","twitter_card":"summary_large_image","twitter_misc":{"Gesch\u00e4tzte Lesezeit":"2\u00a0Minuten"},"schema":{"@context":"https:\/\/schema.org","@graph":[{"@type":"WebPage","@id":"https:\/\/naturewriting.ch\/?page_id=27","url":"https:\/\/naturewriting.ch\/?page_id=27","name":"Die menschliche Natur - Nature Writing","isPartOf":{"@id":"https:\/\/naturewriting.ch\/#website"},"datePublished":"2025-05-28T14:32:25+00:00","dateModified":"2025-05-31T11:15:54+00:00","breadcrumb":{"@id":"https:\/\/naturewriting.ch\/?page_id=27#breadcrumb"},"inLanguage":"de","potentialAction":[{"@type":"ReadAction","target":["https:\/\/naturewriting.ch\/?page_id=27"]}]},{"@type":"BreadcrumbList","@id":"https:\/\/naturewriting.ch\/?page_id=27#breadcrumb","itemListElement":[{"@type":"ListItem","position":1,"name":"Startseite","item":"https:\/\/naturewriting.ch\/"},{"@type":"ListItem","position":2,"name":"Die menschliche Natur"}]},{"@type":"WebSite","@id":"https:\/\/naturewriting.ch\/#website","url":"https:\/\/naturewriting.ch\/","name":"Nature Writing","description":"","potentialAction":[{"@type":"SearchAction","target":{"@type":"EntryPoint","urlTemplate":"https:\/\/naturewriting.ch\/?s={search_term_string}"},"query-input":{"@type":"PropertyValueSpecification","valueRequired":true,"valueName":"search_term_string"}}],"inLanguage":"de"}]}},"_links":{"self":[{"href":"https:\/\/naturewriting.ch\/index.php?rest_route=\/wp\/v2\/pages\/27","targetHints":{"allow":["GET"]}}],"collection":[{"href":"https:\/\/naturewriting.ch\/index.php?rest_route=\/wp\/v2\/pages"}],"about":[{"href":"https:\/\/naturewriting.ch\/index.php?rest_route=\/wp\/v2\/types\/page"}],"author":[{"embeddable":true,"href":"https:\/\/naturewriting.ch\/index.php?rest_route=\/wp\/v2\/users\/1"}],"replies":[{"embeddable":true,"href":"https:\/\/naturewriting.ch\/index.php?rest_route=%2Fwp%2Fv2%2Fcomments&post=27"}],"version-history":[{"count":4,"href":"https:\/\/naturewriting.ch\/index.php?rest_route=\/wp\/v2\/pages\/27\/revisions"}],"predecessor-version":[{"id":78,"href":"https:\/\/naturewriting.ch\/index.php?rest_route=\/wp\/v2\/pages\/27\/revisions\/78"}],"wp:attachment":[{"href":"https:\/\/naturewriting.ch\/index.php?rest_route=%2Fwp%2Fv2%2Fmedia&parent=27"}],"curies":[{"name":"wp","href":"https:\/\/api.w.org\/{rel}","templated":true}]}}