{"id":29,"date":"2025-05-28T14:33:05","date_gmt":"2025-05-28T14:33:05","guid":{"rendered":"https:\/\/naturewriting.ch\/?page_id=29"},"modified":"2025-05-30T18:26:30","modified_gmt":"2025-05-30T18:26:30","slug":"wer-wir-sind","status":"publish","type":"page","link":"https:\/\/naturewriting.ch\/?page_id=29","title":{"rendered":"wer wir sind"},"content":{"rendered":"\n<p>Das <strong>Literaturhaus Thurgau<\/strong> ist eines der ersten Literaturh\u00e4user der Schweiz. Es ist in den R\u00e4umlichkeiten des Bodmanhauses in Gottlieben untergebracht. Nur einen Steinwurf vom Seerhein entfernt, bietet das Literaturhaus seinen Besucherinnen und Besuchern ein vielf\u00e4ltiges literarisches Angebot in der Grenzregion Schweiz, \u00d6sterreich und Deutschland. <\/p>\n\n\n\n<p>Seit Januar 2025 widmet sich das Literaturhaus neben seinem literarisch anspruchsvollen Programm dem Schwerpunktthema <strong>NATURE WRITING<\/strong>. In der Regel finden pro Jahr etwa ein Drittel der Veranstaltungen unter der \u00dcberschrift NATURE WRITING statt. <\/p>\n\n\n\n<p>Inititator dieses Schwerpunktes ist Karsten Redmann, seit Januar 2025 neuer Programmleiter des Literaturhauses. Er m\u00f6chte in enger Kooperation mit Gleichgesinnten und weiteren Institutionen vor Ort, das Literaturhaus und seine wundersch\u00f6ne Umgebung zu einen <strong>Hot Spot<\/strong> des NATURE WRITING entwickeln. Um das zu bewerkstelligen, arbeitet er gemeinsam mit Roland Fischer an M\u00f6glichkeiten und Ideen wie er Menschen f\u00fcr die Thematik begeistern, zusammenbringen und vernetzen kann. <\/p>\n\n\n\n<p>Einen ersten Schritt zur besseren Vernetzung sehen Redmann und Fischer in dem f\u00fcr Herbst 2025 geplanten Intensivwochende mit dem Arbeitstitel <strong>&#8222;Nature Writing &#8211; Schreiben \u00fcber Natur. Natur \u00fcberschreiben.&#8220;<\/strong>             <\/p>\n\n\n\n<p>Das <strong>Organisationsteam<\/strong> f\u00fcr die weitere Entwicklung in Sachen NATURE WRITING &amp; NETZWERKAUSBAU besteht derzeit aus folgenden Personen:<\/p>\n\n\n\n<p><strong>Karsten Redmann<\/strong> lebt und arbeitet als freier Schriftsteller, Kulturjournalist und Literaturvermittler in St. Gallen (CH). Studium der Politologie an den Universit\u00e4ten Duisburg, Tampere (FIN) und Bremen. Seit 2024 arbeitet er im Literaturhaus St. Gallen. Seit Januar 2025 ist er zudem Programmleiter des Literaturhauses Thurgau.<\/p>\n\n\n\n<p><strong>Roland Fischer<\/strong> ist Wissenschaftsjournalist und Kurator, er lebt in Basel. Nach dem Studium an der ETH Z\u00fcrich (interdisziplin\u00e4re Naturwissenschaften) hatte er verantwortliche redaktionelle Positionen bei verschiedenen Schweizer Zeitungen inne (WOZ, Der Bund, Basler Zeitung). In den letzten Jahren hat er diverse Ausstellungen mitgestaltet und leitet den Kunstraum symbiont space in Basel. <br><\/p>\n\n\n\n<p><\/p>\n\n\n\n<p><\/p>\n","protected":false},"excerpt":{"rendered":"<p>Das Literaturhaus Thurgau ist eines der ersten Literaturh\u00e4user der Schweiz. Es ist in den R\u00e4umlichkeiten des Bodmanhauses in Gottlieben untergebracht. Nur einen Steinwurf vom Seerhein entfernt, bietet das Literaturhaus seinen Besucherinnen und Besuchern ein vielf\u00e4ltiges literarisches Angebot in der Grenzregion Schweiz, \u00d6sterreich und Deutschland. Seit Januar 2025 widmet sich das Literaturhaus neben seinem literarisch anspruchsvollen [&hellip;]<\/p>\n","protected":false},"author":1,"featured_media":0,"parent":0,"menu_order":0,"comment_status":"closed","ping_status":"closed","template":"","meta":{"footnotes":""},"class_list":["post-29","page","type-page","status-publish","hentry"],"yoast_head":"<!-- This site is optimized with the Yoast SEO plugin v25.2 - https:\/\/yoast.com\/wordpress\/plugins\/seo\/ -->\n<title>wer wir sind - Nature Writing<\/title>\n<meta name=\"robots\" content=\"index, follow, max-snippet:-1, max-image-preview:large, max-video-preview:-1\" \/>\n<link rel=\"canonical\" href=\"https:\/\/naturewriting.ch\/?page_id=29\" \/>\n<meta property=\"og:locale\" content=\"de_DE\" \/>\n<meta property=\"og:type\" content=\"article\" \/>\n<meta property=\"og:title\" content=\"wer wir sind - Nature Writing\" \/>\n<meta property=\"og:description\" content=\"Das Literaturhaus Thurgau ist eines der ersten Literaturh\u00e4user der Schweiz. Es ist in den R\u00e4umlichkeiten des Bodmanhauses in Gottlieben untergebracht. Nur einen Steinwurf vom Seerhein entfernt, bietet das Literaturhaus seinen Besucherinnen und Besuchern ein vielf\u00e4ltiges literarisches Angebot in der Grenzregion Schweiz, \u00d6sterreich und Deutschland. Seit Januar 2025 widmet sich das Literaturhaus neben seinem literarisch anspruchsvollen [&hellip;]\" \/>\n<meta property=\"og:url\" content=\"https:\/\/naturewriting.ch\/?page_id=29\" \/>\n<meta property=\"og:site_name\" content=\"Nature Writing\" \/>\n<meta property=\"article:modified_time\" content=\"2025-05-30T18:26:30+00:00\" \/>\n<meta name=\"twitter:card\" content=\"summary_large_image\" \/>\n<meta name=\"twitter:label1\" content=\"Gesch\u00e4tzte Lesezeit\" \/>\n\t<meta name=\"twitter:data1\" content=\"2\u00a0Minuten\" \/>\n<script type=\"application\/ld+json\" class=\"yoast-schema-graph\">{\"@context\":\"https:\/\/schema.org\",\"@graph\":[{\"@type\":\"WebPage\",\"@id\":\"https:\/\/naturewriting.ch\/?page_id=29\",\"url\":\"https:\/\/naturewriting.ch\/?page_id=29\",\"name\":\"wer wir sind - Nature Writing\",\"isPartOf\":{\"@id\":\"https:\/\/naturewriting.ch\/#website\"},\"datePublished\":\"2025-05-28T14:33:05+00:00\",\"dateModified\":\"2025-05-30T18:26:30+00:00\",\"breadcrumb\":{\"@id\":\"https:\/\/naturewriting.ch\/?page_id=29#breadcrumb\"},\"inLanguage\":\"de\",\"potentialAction\":[{\"@type\":\"ReadAction\",\"target\":[\"https:\/\/naturewriting.ch\/?page_id=29\"]}]},{\"@type\":\"BreadcrumbList\",\"@id\":\"https:\/\/naturewriting.ch\/?page_id=29#breadcrumb\",\"itemListElement\":[{\"@type\":\"ListItem\",\"position\":1,\"name\":\"Startseite\",\"item\":\"https:\/\/naturewriting.ch\/\"},{\"@type\":\"ListItem\",\"position\":2,\"name\":\"wer wir sind\"}]},{\"@type\":\"WebSite\",\"@id\":\"https:\/\/naturewriting.ch\/#website\",\"url\":\"https:\/\/naturewriting.ch\/\",\"name\":\"Nature Writing\",\"description\":\"\",\"potentialAction\":[{\"@type\":\"SearchAction\",\"target\":{\"@type\":\"EntryPoint\",\"urlTemplate\":\"https:\/\/naturewriting.ch\/?s={search_term_string}\"},\"query-input\":{\"@type\":\"PropertyValueSpecification\",\"valueRequired\":true,\"valueName\":\"search_term_string\"}}],\"inLanguage\":\"de\"}]}<\/script>\n<!-- \/ Yoast SEO plugin. -->","yoast_head_json":{"title":"wer wir sind - Nature Writing","robots":{"index":"index","follow":"follow","max-snippet":"max-snippet:-1","max-image-preview":"max-image-preview:large","max-video-preview":"max-video-preview:-1"},"canonical":"https:\/\/naturewriting.ch\/?page_id=29","og_locale":"de_DE","og_type":"article","og_title":"wer wir sind - Nature Writing","og_description":"Das Literaturhaus Thurgau ist eines der ersten Literaturh\u00e4user der Schweiz. Es ist in den R\u00e4umlichkeiten des Bodmanhauses in Gottlieben untergebracht. Nur einen Steinwurf vom Seerhein entfernt, bietet das Literaturhaus seinen Besucherinnen und Besuchern ein vielf\u00e4ltiges literarisches Angebot in der Grenzregion Schweiz, \u00d6sterreich und Deutschland. Seit Januar 2025 widmet sich das Literaturhaus neben seinem literarisch anspruchsvollen [&hellip;]","og_url":"https:\/\/naturewriting.ch\/?page_id=29","og_site_name":"Nature Writing","article_modified_time":"2025-05-30T18:26:30+00:00","twitter_card":"summary_large_image","twitter_misc":{"Gesch\u00e4tzte Lesezeit":"2\u00a0Minuten"},"schema":{"@context":"https:\/\/schema.org","@graph":[{"@type":"WebPage","@id":"https:\/\/naturewriting.ch\/?page_id=29","url":"https:\/\/naturewriting.ch\/?page_id=29","name":"wer wir sind - Nature Writing","isPartOf":{"@id":"https:\/\/naturewriting.ch\/#website"},"datePublished":"2025-05-28T14:33:05+00:00","dateModified":"2025-05-30T18:26:30+00:00","breadcrumb":{"@id":"https:\/\/naturewriting.ch\/?page_id=29#breadcrumb"},"inLanguage":"de","potentialAction":[{"@type":"ReadAction","target":["https:\/\/naturewriting.ch\/?page_id=29"]}]},{"@type":"BreadcrumbList","@id":"https:\/\/naturewriting.ch\/?page_id=29#breadcrumb","itemListElement":[{"@type":"ListItem","position":1,"name":"Startseite","item":"https:\/\/naturewriting.ch\/"},{"@type":"ListItem","position":2,"name":"wer wir sind"}]},{"@type":"WebSite","@id":"https:\/\/naturewriting.ch\/#website","url":"https:\/\/naturewriting.ch\/","name":"Nature Writing","description":"","potentialAction":[{"@type":"SearchAction","target":{"@type":"EntryPoint","urlTemplate":"https:\/\/naturewriting.ch\/?s={search_term_string}"},"query-input":{"@type":"PropertyValueSpecification","valueRequired":true,"valueName":"search_term_string"}}],"inLanguage":"de"}]}},"_links":{"self":[{"href":"https:\/\/naturewriting.ch\/index.php?rest_route=\/wp\/v2\/pages\/29","targetHints":{"allow":["GET"]}}],"collection":[{"href":"https:\/\/naturewriting.ch\/index.php?rest_route=\/wp\/v2\/pages"}],"about":[{"href":"https:\/\/naturewriting.ch\/index.php?rest_route=\/wp\/v2\/types\/page"}],"author":[{"embeddable":true,"href":"https:\/\/naturewriting.ch\/index.php?rest_route=\/wp\/v2\/users\/1"}],"replies":[{"embeddable":true,"href":"https:\/\/naturewriting.ch\/index.php?rest_route=%2Fwp%2Fv2%2Fcomments&post=29"}],"version-history":[{"count":7,"href":"https:\/\/naturewriting.ch\/index.php?rest_route=\/wp\/v2\/pages\/29\/revisions"}],"predecessor-version":[{"id":59,"href":"https:\/\/naturewriting.ch\/index.php?rest_route=\/wp\/v2\/pages\/29\/revisions\/59"}],"wp:attachment":[{"href":"https:\/\/naturewriting.ch\/index.php?rest_route=%2Fwp%2Fv2%2Fmedia&parent=29"}],"curies":[{"name":"wp","href":"https:\/\/api.w.org\/{rel}","templated":true}]}}