{"id":35,"date":"2025-05-30T16:19:07","date_gmt":"2025-05-30T16:19:07","guid":{"rendered":"https:\/\/naturewriting.ch\/?page_id=35"},"modified":"2025-05-30T18:41:27","modified_gmt":"2025-05-30T18:41:27","slug":"laufendes-lesungs-programm","status":"publish","type":"page","link":"https:\/\/naturewriting.ch\/?page_id=35","title":{"rendered":"Laufendes Lesungs-Programm"},"content":{"rendered":"\n<p>Samstag, 23. August 2025, 18.00 Uhr<\/p>\n\n\n\n<h2 class=\"wp-block-heading\">Sommerfest: Literarische Streifz\u00fcge am Ufer des Seerheins<\/h2>\n\n\n\n<p>Wo finden wir das Urspr\u00fcngliche und Wilde in der Landschaft? Was sehen wir, wenn unser Blick in die Weite geht? Welche Geschichten entstehen, wenn wir uns Zeit lassen, beobachten?<br>Im Rahmen der 1. Gottlieber Schreibwerkstatt hat sich in den zur\u00fcckliegenden Wochen eine Gruppe Schreibender aufgemacht, die Natur am linken Ufer des Seerheins zu erkunden. Angeleitet von Laura Vogt und Karsten Redmann entstanden dabei unterschiedlichste Texte \u00fcber das Wilde in der Natur. Die literarischen Streifz\u00fcge f\u00fchrte die Werkstatt-Teilnehmerinnen und -Teilnehmer an bekannte und unbekannte Orte im Ried.<br>Am Sommerfest stellen sie in Lesung und Gespr\u00e4ch ihre Texte vor. Im Anschluss offeriert das Literaturhaus einen Ap\u00e9ro.<\/p>\n\n\n\n<p><\/p>\n\n\n\n<p>Donnerstag, 12. Juni 2025, 19.30 Uhr<\/p>\n\n\n\n<h2 class=\"wp-block-heading\">Thomas Sarbacher liest Ramuz \u2013 \u00abSturz in die Sonne\u00bb<\/h2>\n\n\n\n<p>Was f\u00fcr ein Buch! Charles Ferdinand Ramuz (1878-1947) hat mit seinem Klimaroman ein packendes Weltuntergangsszenario geschaffen. Zu Beginn erfreuen sich die Menschen am Ufer des Genfersees noch am sonnigen, heissen Wetter, bis sie realisieren, dass die Entdeckung der Wissenschaft wahr ist: Ein Unfall im Gravitationssystem l\u00e4sst die Erde in die Sonne zur\u00fcckst\u00fcrzen. Angesichts der unaufhaltsamen Katastrophe zeigen sich die Menschen in ihrer kleinen und grossen Nacktheit, in ihrer kleinen und grossen Erb\u00e4rmlichkeit \u2013 b\u00f6sartig, verzweifelt, entfesselt, gelassen. Die Welt ist aus den Fugen geraten.<br>Dank der Stimme des Schauspielers und Sprechers Thomas Sarbacher wird Ramuz\u2018 Roman f\u00fcr uns lebendig.<\/p>\n\n\n\n<p><\/p>\n\n\n\n<p>Donnerstag, 6. M\u00e4rz 2025, 19.30 Uhr<\/p>\n\n\n\n<h2 class=\"wp-block-heading\">Eva Maria Leuenberger: Die Spinne<\/h2>\n\n\n\n<p>In \u201eDie Spinne\u201c werden alle Schutzh\u00fcllen abgelegt und der Realit\u00e4t fest ins Auge geblickt. Etwas Endzeitliches haftet dem Langgedicht an, wenn es die Zerst\u00f6rung der Natur verhandelt. Ohne jeglichen Moralismus und mit viel Zartheit schildert der Text, was mit dem Individuum und dem K\u00f6rper geschieht, wenn das eigene Bewusstsein eine kollektive Schuld der Menschen entdeckt.<em> \u201eDie Spinne\u201c <\/em>tastet Gef\u00fchle von Schuld und Scham, Ohnmacht und Hoffnungslosigkeit k\u00f6rperlich ab. Es stossen starke, m\u00e4chtige Bilder der Natur und subjektiver Wahrnehmung aufeinander. Innere Empfindung und \u00e4u\u00dfere Eindr\u00fccke treten in ein faszinierendes Wechselspiel \u2013 und die Spinne ist ein immer pr\u00e4sentes Wesen, eine Zuschauerin des Geschehens. Eva Maria Leuenberger ist bekannt f\u00fcr ihre unter die Haut gehenden Texte.<\/p>\n\n\n\n<p><\/p>\n\n\n\n<p>Donnerstag, 6. Februar 2025, 19.30 Uhr<\/p>\n\n\n\n<h2 class=\"wp-block-heading\">Hans J\u00fcrgen Balmes: Der Rhein \u2013 Biographie eines Flusses<\/h2>\n\n\n\n<p>Der Rhein entsprang einst an seiner heutigen Mitte, wo in einem tropischen Meer Seek\u00fche lebten. Er schuf sich sein Bett stromauf und besitzt eine erstaunliche Geologie. Noch heute leben hier die \u00e4ltesten Lebewesen Europas. Gleichzeitig ist der Rhein durchgehend gepr\u00e4gt durch Eingriffe des Menschen. Kein anderer Fluss versammelt so viele Widerspr\u00fcche in sich \u2013 Grenze, Verkehrsweg, Fluchtroute und Lebensader. Der Autor nimmt uns mit auf eine Reise entlang des Flusses. Wir begegnen Menschen, die wie William Turner den Rhein zu ihrer Sehnsucht und Lebensaufgabe machten. Wir sehen W\u00e4lder und Tiere, die in traumhaften Naturbetrachtungen und meditativen Bildern gegenw\u00e4rtig werden. Ein Buch \u00fcber den Rhein, der uns mit dem unersch\u00f6pflichen Fliessen seiner Geschichten gefangen nimmt wie mit seiner Stille.<\/p>\n\n\n\n<p><\/p>\n","protected":false},"excerpt":{"rendered":"<p>Samstag, 23. August 2025, 18.00 Uhr Sommerfest: Literarische Streifz\u00fcge am Ufer des Seerheins Wo finden wir das Urspr\u00fcngliche und Wilde in der Landschaft? Was sehen wir, wenn unser Blick in die Weite geht? Welche Geschichten entstehen, wenn wir uns Zeit lassen, beobachten?Im Rahmen der 1. Gottlieber Schreibwerkstatt hat sich in den zur\u00fcckliegenden Wochen eine Gruppe [&hellip;]<\/p>\n","protected":false},"author":1,"featured_media":0,"parent":0,"menu_order":0,"comment_status":"closed","ping_status":"closed","template":"","meta":{"footnotes":""},"class_list":["post-35","page","type-page","status-publish","hentry"],"yoast_head":"<!-- This site is optimized with the Yoast SEO plugin v25.2 - https:\/\/yoast.com\/wordpress\/plugins\/seo\/ -->\n<title>Laufendes Lesungs-Programm - Nature Writing<\/title>\n<meta name=\"robots\" content=\"index, follow, max-snippet:-1, max-image-preview:large, max-video-preview:-1\" \/>\n<link rel=\"canonical\" href=\"https:\/\/naturewriting.ch\/?page_id=35\" \/>\n<meta property=\"og:locale\" content=\"de_DE\" \/>\n<meta property=\"og:type\" content=\"article\" \/>\n<meta property=\"og:title\" content=\"Laufendes Lesungs-Programm - Nature Writing\" \/>\n<meta property=\"og:description\" content=\"Samstag, 23. August 2025, 18.00 Uhr Sommerfest: Literarische Streifz\u00fcge am Ufer des Seerheins Wo finden wir das Urspr\u00fcngliche und Wilde in der Landschaft? Was sehen wir, wenn unser Blick in die Weite geht? Welche Geschichten entstehen, wenn wir uns Zeit lassen, beobachten?Im Rahmen der 1. Gottlieber Schreibwerkstatt hat sich in den zur\u00fcckliegenden Wochen eine Gruppe [&hellip;]\" \/>\n<meta property=\"og:url\" content=\"https:\/\/naturewriting.ch\/?page_id=35\" \/>\n<meta property=\"og:site_name\" content=\"Nature Writing\" \/>\n<meta property=\"article:modified_time\" content=\"2025-05-30T18:41:27+00:00\" \/>\n<meta name=\"twitter:card\" content=\"summary_large_image\" \/>\n<meta name=\"twitter:label1\" content=\"Gesch\u00e4tzte Lesezeit\" \/>\n\t<meta name=\"twitter:data1\" content=\"3\u00a0Minuten\" \/>\n<script type=\"application\/ld+json\" class=\"yoast-schema-graph\">{\"@context\":\"https:\/\/schema.org\",\"@graph\":[{\"@type\":\"WebPage\",\"@id\":\"https:\/\/naturewriting.ch\/?page_id=35\",\"url\":\"https:\/\/naturewriting.ch\/?page_id=35\",\"name\":\"Laufendes Lesungs-Programm - Nature Writing\",\"isPartOf\":{\"@id\":\"https:\/\/naturewriting.ch\/#website\"},\"datePublished\":\"2025-05-30T16:19:07+00:00\",\"dateModified\":\"2025-05-30T18:41:27+00:00\",\"breadcrumb\":{\"@id\":\"https:\/\/naturewriting.ch\/?page_id=35#breadcrumb\"},\"inLanguage\":\"de\",\"potentialAction\":[{\"@type\":\"ReadAction\",\"target\":[\"https:\/\/naturewriting.ch\/?page_id=35\"]}]},{\"@type\":\"BreadcrumbList\",\"@id\":\"https:\/\/naturewriting.ch\/?page_id=35#breadcrumb\",\"itemListElement\":[{\"@type\":\"ListItem\",\"position\":1,\"name\":\"Startseite\",\"item\":\"https:\/\/naturewriting.ch\/\"},{\"@type\":\"ListItem\",\"position\":2,\"name\":\"Laufendes Lesungs-Programm\"}]},{\"@type\":\"WebSite\",\"@id\":\"https:\/\/naturewriting.ch\/#website\",\"url\":\"https:\/\/naturewriting.ch\/\",\"name\":\"Nature Writing\",\"description\":\"\",\"potentialAction\":[{\"@type\":\"SearchAction\",\"target\":{\"@type\":\"EntryPoint\",\"urlTemplate\":\"https:\/\/naturewriting.ch\/?s={search_term_string}\"},\"query-input\":{\"@type\":\"PropertyValueSpecification\",\"valueRequired\":true,\"valueName\":\"search_term_string\"}}],\"inLanguage\":\"de\"}]}<\/script>\n<!-- \/ Yoast SEO plugin. -->","yoast_head_json":{"title":"Laufendes Lesungs-Programm - Nature Writing","robots":{"index":"index","follow":"follow","max-snippet":"max-snippet:-1","max-image-preview":"max-image-preview:large","max-video-preview":"max-video-preview:-1"},"canonical":"https:\/\/naturewriting.ch\/?page_id=35","og_locale":"de_DE","og_type":"article","og_title":"Laufendes Lesungs-Programm - Nature Writing","og_description":"Samstag, 23. August 2025, 18.00 Uhr Sommerfest: Literarische Streifz\u00fcge am Ufer des Seerheins Wo finden wir das Urspr\u00fcngliche und Wilde in der Landschaft? Was sehen wir, wenn unser Blick in die Weite geht? Welche Geschichten entstehen, wenn wir uns Zeit lassen, beobachten?Im Rahmen der 1. Gottlieber Schreibwerkstatt hat sich in den zur\u00fcckliegenden Wochen eine Gruppe [&hellip;]","og_url":"https:\/\/naturewriting.ch\/?page_id=35","og_site_name":"Nature Writing","article_modified_time":"2025-05-30T18:41:27+00:00","twitter_card":"summary_large_image","twitter_misc":{"Gesch\u00e4tzte Lesezeit":"3\u00a0Minuten"},"schema":{"@context":"https:\/\/schema.org","@graph":[{"@type":"WebPage","@id":"https:\/\/naturewriting.ch\/?page_id=35","url":"https:\/\/naturewriting.ch\/?page_id=35","name":"Laufendes Lesungs-Programm - Nature Writing","isPartOf":{"@id":"https:\/\/naturewriting.ch\/#website"},"datePublished":"2025-05-30T16:19:07+00:00","dateModified":"2025-05-30T18:41:27+00:00","breadcrumb":{"@id":"https:\/\/naturewriting.ch\/?page_id=35#breadcrumb"},"inLanguage":"de","potentialAction":[{"@type":"ReadAction","target":["https:\/\/naturewriting.ch\/?page_id=35"]}]},{"@type":"BreadcrumbList","@id":"https:\/\/naturewriting.ch\/?page_id=35#breadcrumb","itemListElement":[{"@type":"ListItem","position":1,"name":"Startseite","item":"https:\/\/naturewriting.ch\/"},{"@type":"ListItem","position":2,"name":"Laufendes Lesungs-Programm"}]},{"@type":"WebSite","@id":"https:\/\/naturewriting.ch\/#website","url":"https:\/\/naturewriting.ch\/","name":"Nature Writing","description":"","potentialAction":[{"@type":"SearchAction","target":{"@type":"EntryPoint","urlTemplate":"https:\/\/naturewriting.ch\/?s={search_term_string}"},"query-input":{"@type":"PropertyValueSpecification","valueRequired":true,"valueName":"search_term_string"}}],"inLanguage":"de"}]}},"_links":{"self":[{"href":"https:\/\/naturewriting.ch\/index.php?rest_route=\/wp\/v2\/pages\/35","targetHints":{"allow":["GET"]}}],"collection":[{"href":"https:\/\/naturewriting.ch\/index.php?rest_route=\/wp\/v2\/pages"}],"about":[{"href":"https:\/\/naturewriting.ch\/index.php?rest_route=\/wp\/v2\/types\/page"}],"author":[{"embeddable":true,"href":"https:\/\/naturewriting.ch\/index.php?rest_route=\/wp\/v2\/users\/1"}],"replies":[{"embeddable":true,"href":"https:\/\/naturewriting.ch\/index.php?rest_route=%2Fwp%2Fv2%2Fcomments&post=35"}],"version-history":[{"count":2,"href":"https:\/\/naturewriting.ch\/index.php?rest_route=\/wp\/v2\/pages\/35\/revisions"}],"predecessor-version":[{"id":61,"href":"https:\/\/naturewriting.ch\/index.php?rest_route=\/wp\/v2\/pages\/35\/revisions\/61"}],"wp:attachment":[{"href":"https:\/\/naturewriting.ch\/index.php?rest_route=%2Fwp%2Fv2%2Fmedia&parent=35"}],"curies":[{"name":"wp","href":"https:\/\/api.w.org\/{rel}","templated":true}]}}