{"id":37,"date":"2025-05-30T16:20:11","date_gmt":"2025-05-30T16:20:11","guid":{"rendered":"https:\/\/naturewriting.ch\/?page_id=37"},"modified":"2025-07-08T12:07:53","modified_gmt":"2025-07-08T12:07:53","slug":"nature-writing-days-19-21-september","status":"publish","type":"page","link":"https:\/\/naturewriting.ch\/?page_id=37","title":{"rendered":"Nature Writing Days"},"content":{"rendered":"\n<p>in the making!<\/p>\n\n\n\n<p>Schreiben \u00fcber Natur. Natur \u00fcberschreiben<\/p>\n\n\n\n<p>2 Abende, 2 Tage um \u00fcber Literatur und Natur (und unser Verh\u00e4ltnis zu ihr) nachzudenken<\/p>\n\n\n\n<p>Lesungen im Freien, Podium, Diskussionen, Exkursionen, Workshops<\/p>\n\n\n\n<p>Wir laden Natur- und Literaturinteressierte zu einem Intensivwochenende in Gottlieben ein, um unser Verh\u00e4ltnis zur Natur in Zeiten der Krise zu reflektieren und zu fragen, welche Rolle dabei der Literatur zukommt. Dabei m\u00f6chten wir die Zukunft als eine offene Zukunft verstehen und uns als Individuen und Gesellschaft positiv positionieren, in dem wir Denk- und M\u00f6glichkeitsr\u00e4ume schaffen<\/p>\n","protected":false},"excerpt":{"rendered":"<p>in the making! Schreiben \u00fcber Natur. Natur \u00fcberschreiben 2 Abende, 2 Tage um \u00fcber Literatur und Natur (und unser Verh\u00e4ltnis zu ihr) nachzudenken Lesungen im Freien, Podium, Diskussionen, Exkursionen, Workshops Wir laden Natur- und Literaturinteressierte zu einem Intensivwochenende in Gottlieben ein, um unser Verh\u00e4ltnis zur Natur in Zeiten der Krise zu reflektieren und zu fragen, [&hellip;]<\/p>\n","protected":false},"author":1,"featured_media":0,"parent":0,"menu_order":0,"comment_status":"closed","ping_status":"closed","template":"","meta":{"footnotes":""},"class_list":["post-37","page","type-page","status-publish","hentry"],"yoast_head":"<!-- This site is optimized with the Yoast SEO plugin v25.2 - https:\/\/yoast.com\/wordpress\/plugins\/seo\/ -->\n<title>Nature Writing Days - Nature Writing<\/title>\n<meta name=\"robots\" content=\"index, follow, max-snippet:-1, max-image-preview:large, max-video-preview:-1\" \/>\n<link rel=\"canonical\" href=\"https:\/\/naturewriting.ch\/?page_id=37\" \/>\n<meta property=\"og:locale\" content=\"de_DE\" \/>\n<meta property=\"og:type\" content=\"article\" \/>\n<meta property=\"og:title\" content=\"Nature Writing Days - Nature Writing\" \/>\n<meta property=\"og:description\" content=\"in the making! Schreiben \u00fcber Natur. Natur \u00fcberschreiben 2 Abende, 2 Tage um \u00fcber Literatur und Natur (und unser Verh\u00e4ltnis zu ihr) nachzudenken Lesungen im Freien, Podium, Diskussionen, Exkursionen, Workshops Wir laden Natur- und Literaturinteressierte zu einem Intensivwochenende in Gottlieben ein, um unser Verh\u00e4ltnis zur Natur in Zeiten der Krise zu reflektieren und zu fragen, [&hellip;]\" \/>\n<meta property=\"og:url\" content=\"https:\/\/naturewriting.ch\/?page_id=37\" \/>\n<meta property=\"og:site_name\" content=\"Nature Writing\" \/>\n<meta property=\"article:modified_time\" content=\"2025-07-08T12:07:53+00:00\" \/>\n<meta name=\"twitter:card\" content=\"summary_large_image\" \/>\n<meta name=\"twitter:label1\" content=\"Gesch\u00e4tzte Lesezeit\" \/>\n\t<meta name=\"twitter:data1\" content=\"1\u00a0Minute\" \/>\n<script type=\"application\/ld+json\" class=\"yoast-schema-graph\">{\"@context\":\"https:\/\/schema.org\",\"@graph\":[{\"@type\":\"WebPage\",\"@id\":\"https:\/\/naturewriting.ch\/?page_id=37\",\"url\":\"https:\/\/naturewriting.ch\/?page_id=37\",\"name\":\"Nature Writing Days - Nature Writing\",\"isPartOf\":{\"@id\":\"https:\/\/naturewriting.ch\/#website\"},\"datePublished\":\"2025-05-30T16:20:11+00:00\",\"dateModified\":\"2025-07-08T12:07:53+00:00\",\"breadcrumb\":{\"@id\":\"https:\/\/naturewriting.ch\/?page_id=37#breadcrumb\"},\"inLanguage\":\"de\",\"potentialAction\":[{\"@type\":\"ReadAction\",\"target\":[\"https:\/\/naturewriting.ch\/?page_id=37\"]}]},{\"@type\":\"BreadcrumbList\",\"@id\":\"https:\/\/naturewriting.ch\/?page_id=37#breadcrumb\",\"itemListElement\":[{\"@type\":\"ListItem\",\"position\":1,\"name\":\"Startseite\",\"item\":\"https:\/\/naturewriting.ch\/\"},{\"@type\":\"ListItem\",\"position\":2,\"name\":\"Nature Writing Days\"}]},{\"@type\":\"WebSite\",\"@id\":\"https:\/\/naturewriting.ch\/#website\",\"url\":\"https:\/\/naturewriting.ch\/\",\"name\":\"Nature Writing\",\"description\":\"\",\"potentialAction\":[{\"@type\":\"SearchAction\",\"target\":{\"@type\":\"EntryPoint\",\"urlTemplate\":\"https:\/\/naturewriting.ch\/?s={search_term_string}\"},\"query-input\":{\"@type\":\"PropertyValueSpecification\",\"valueRequired\":true,\"valueName\":\"search_term_string\"}}],\"inLanguage\":\"de\"}]}<\/script>\n<!-- \/ Yoast SEO plugin. -->","yoast_head_json":{"title":"Nature Writing Days - Nature Writing","robots":{"index":"index","follow":"follow","max-snippet":"max-snippet:-1","max-image-preview":"max-image-preview:large","max-video-preview":"max-video-preview:-1"},"canonical":"https:\/\/naturewriting.ch\/?page_id=37","og_locale":"de_DE","og_type":"article","og_title":"Nature Writing Days - Nature Writing","og_description":"in the making! Schreiben \u00fcber Natur. Natur \u00fcberschreiben 2 Abende, 2 Tage um \u00fcber Literatur und Natur (und unser Verh\u00e4ltnis zu ihr) nachzudenken Lesungen im Freien, Podium, Diskussionen, Exkursionen, Workshops Wir laden Natur- und Literaturinteressierte zu einem Intensivwochenende in Gottlieben ein, um unser Verh\u00e4ltnis zur Natur in Zeiten der Krise zu reflektieren und zu fragen, [&hellip;]","og_url":"https:\/\/naturewriting.ch\/?page_id=37","og_site_name":"Nature Writing","article_modified_time":"2025-07-08T12:07:53+00:00","twitter_card":"summary_large_image","twitter_misc":{"Gesch\u00e4tzte Lesezeit":"1\u00a0Minute"},"schema":{"@context":"https:\/\/schema.org","@graph":[{"@type":"WebPage","@id":"https:\/\/naturewriting.ch\/?page_id=37","url":"https:\/\/naturewriting.ch\/?page_id=37","name":"Nature Writing Days - Nature Writing","isPartOf":{"@id":"https:\/\/naturewriting.ch\/#website"},"datePublished":"2025-05-30T16:20:11+00:00","dateModified":"2025-07-08T12:07:53+00:00","breadcrumb":{"@id":"https:\/\/naturewriting.ch\/?page_id=37#breadcrumb"},"inLanguage":"de","potentialAction":[{"@type":"ReadAction","target":["https:\/\/naturewriting.ch\/?page_id=37"]}]},{"@type":"BreadcrumbList","@id":"https:\/\/naturewriting.ch\/?page_id=37#breadcrumb","itemListElement":[{"@type":"ListItem","position":1,"name":"Startseite","item":"https:\/\/naturewriting.ch\/"},{"@type":"ListItem","position":2,"name":"Nature Writing Days"}]},{"@type":"WebSite","@id":"https:\/\/naturewriting.ch\/#website","url":"https:\/\/naturewriting.ch\/","name":"Nature Writing","description":"","potentialAction":[{"@type":"SearchAction","target":{"@type":"EntryPoint","urlTemplate":"https:\/\/naturewriting.ch\/?s={search_term_string}"},"query-input":{"@type":"PropertyValueSpecification","valueRequired":true,"valueName":"search_term_string"}}],"inLanguage":"de"}]}},"_links":{"self":[{"href":"https:\/\/naturewriting.ch\/index.php?rest_route=\/wp\/v2\/pages\/37","targetHints":{"allow":["GET"]}}],"collection":[{"href":"https:\/\/naturewriting.ch\/index.php?rest_route=\/wp\/v2\/pages"}],"about":[{"href":"https:\/\/naturewriting.ch\/index.php?rest_route=\/wp\/v2\/types\/page"}],"author":[{"embeddable":true,"href":"https:\/\/naturewriting.ch\/index.php?rest_route=\/wp\/v2\/users\/1"}],"replies":[{"embeddable":true,"href":"https:\/\/naturewriting.ch\/index.php?rest_route=%2Fwp%2Fv2%2Fcomments&post=37"}],"version-history":[{"count":3,"href":"https:\/\/naturewriting.ch\/index.php?rest_route=\/wp\/v2\/pages\/37\/revisions"}],"predecessor-version":[{"id":80,"href":"https:\/\/naturewriting.ch\/index.php?rest_route=\/wp\/v2\/pages\/37\/revisions\/80"}],"wp:attachment":[{"href":"https:\/\/naturewriting.ch\/index.php?rest_route=%2Fwp%2Fv2%2Fmedia&parent=37"}],"curies":[{"name":"wp","href":"https:\/\/api.w.org\/{rel}","templated":true}]}}